{"id":1047,"date":"2026-02-21T14:01:12","date_gmt":"2026-02-21T13:01:12","guid":{"rendered":"https:\/\/tipennont.com\/?post_type=product&#038;p=1047"},"modified":"2026-04-02T17:48:45","modified_gmt":"2026-04-02T15:48:45","slug":"coffret-10-gelato","status":"publish","type":"product","link":"https:\/\/tipennont.com\/index.php\/produit\/coffret-10-gelato\/","title":{"rendered":"Coffret &#8211; 10 CBD Vari\u00e9t\u00e9 GELATO"},"content":{"rendered":"<p>Coffret D\u00e9couverte \u2013 Liqueurs de Rhum au CBD<\/p>\n<p><strong>Coffret de dix mignonnettes<\/strong><\/p>\n<\/ul>\n<p>+ 10 petits verres pour la d\u00e9gustation<\/p>\n<p><strong>Attention<\/strong>: Peut contenir des traces d&rsquo;arachides et\/ou de fruits \u00e0 coque.<\/p>\n<p>Provenance de la fleur de CBD (GELATO) : Coffee Bouledogue, Orl\u00e9ans<\/p>\n","protected":false},"excerpt":{"rendered":"<p>Coffret D\u00e9couverte \u2013 Liqueurs de Rhum au CBD Coffret de dix mignonnettes + 10 petits verres pour la d\u00e9gustation Attention: Peut contenir des traces d&rsquo;arachides et\/ou de fruits \u00e0 coque. Provenance de la fleur de CBD (GELATO) : Coffee Bouledogue, Orl\u00e9ans<\/p>\n","protected":false},"featured_media":1053,"template":"","meta":[],"product_brand":[],"product_cat":[23,26,25,24],"product_tag":[],"class_list":{"0":"post-1047","1":"product","2":"type-product","3":"status-publish","4":"has-post-thumbnail","6":"product_cat-tous-nos-produits","7":"product_cat-agrumes","8":"product_cat-extras","9":"product_cat-fruits","11":"first","12":"outofstock","13":"shipping-taxable","14":"purchasable","15":"product-type-simple"},"yoast_head":"<!-- This site is optimized with the Yoast SEO plugin v27.1.1 - https:\/\/yoast.com\/product\/yoast-seo-wordpress\/ -->\n<title>Coffret - 10 CBD Vari\u00e9t\u00e9 GELATO - Tipennont<\/title>\n<meta name=\"description\" content=\"D\u00e9couvrez l\u2019Excellence Artisanale de Ti Pennont : Plongez dans un univers de saveurs authentiques avec notre liqueur de Rhum.\" \/>\n<meta name=\"robots\" content=\"index, follow, max-snippet:-1, max-image-preview:large, max-video-preview:-1\" \/>\n<link rel=\"canonical\" href=\"https:\/\/tipennont.com\/index.php\/produit\/coffret-10-gelato\/\" \/>\n<meta property=\"og:locale\" content=\"fr_FR\" \/>\n<meta property=\"og:type\" content=\"article\" \/>\n<meta property=\"og:title\" content=\"Coffret - 10 CBD Vari\u00e9t\u00e9 GELATO - Tipennont\" \/>\n<meta property=\"og:description\" content=\"D\u00e9couvrez l\u2019Excellence Artisanale de Ti Pennont : Plongez dans un univers de saveurs authentiques avec notre liqueur de Rhum.\" \/>\n<meta property=\"og:url\" content=\"https:\/\/tipennont.com\/index.php\/produit\/coffret-10-gelato\/\" \/>\n<meta property=\"og:site_name\" content=\"Tipennont\" \/>\n<meta property=\"article:modified_time\" content=\"2026-04-02T15:48:45+00:00\" \/>\n<meta name=\"twitter:card\" content=\"summary_large_image\" \/>\n<meta name=\"twitter:label1\" content=\"Dur\u00e9e de lecture estim\u00e9e\" \/>\n\t<meta name=\"twitter:data1\" content=\"1 minute\" \/>\n<script type=\"application\/ld+json\" class=\"yoast-schema-graph\">{\"@context\":\"https:\/\/schema.org\",\"@graph\":[{\"@type\":\"WebPage\",\"@id\":\"https:\/\/tipennont.com\/index.php\/produit\/coffret-10-gelato\/\",\"url\":\"https:\/\/tipennont.com\/index.php\/produit\/coffret-10-gelato\/\",\"name\":\"Coffret - 10 CBD Vari\u00e9t\u00e9 GELATO - Tipennont\",\"isPartOf\":{\"@id\":\"https:\/\/tipennont.com\/#website\"},\"primaryImageOfPage\":{\"@id\":\"https:\/\/tipennont.com\/index.php\/produit\/coffret-10-gelato\/#primaryimage\"},\"image\":{\"@id\":\"https:\/\/tipennont.com\/index.php\/produit\/coffret-10-gelato\/#primaryimage\"},\"thumbnailUrl\":\"https:\/\/tipennont.com\/wp-content\/uploads\/2026\/02\/IMG_6328-3.heic\",\"datePublished\":\"2026-02-21T13:01:12+00:00\",\"dateModified\":\"2026-04-02T15:48:45+00:00\",\"description\":\"D\u00e9couvrez l\u2019Excellence Artisanale de Ti Pennont : Plongez dans un univers de saveurs authentiques avec notre liqueur de Rhum.\",\"breadcrumb\":{\"@id\":\"https:\/\/tipennont.com\/index.php\/produit\/coffret-10-gelato\/#breadcrumb\"},\"inLanguage\":\"fr-FR\",\"potentialAction\":[{\"@type\":\"ReadAction\",\"target\":[\"https:\/\/tipennont.com\/index.php\/produit\/coffret-10-gelato\/\"]}]},{\"@type\":\"ImageObject\",\"inLanguage\":\"fr-FR\",\"@id\":\"https:\/\/tipennont.com\/index.php\/produit\/coffret-10-gelato\/#primaryimage\",\"url\":\"https:\/\/tipennont.com\/wp-content\/uploads\/2026\/02\/IMG_6328-3.heic\",\"contentUrl\":\"https:\/\/tipennont.com\/wp-content\/uploads\/2026\/02\/IMG_6328-3.heic\"},{\"@type\":\"BreadcrumbList\",\"@id\":\"https:\/\/tipennont.com\/index.php\/produit\/coffret-10-gelato\/#breadcrumb\",\"itemListElement\":[{\"@type\":\"ListItem\",\"position\":1,\"name\":\"Accueil\",\"item\":\"https:\/\/tipennont.com\/\"},{\"@type\":\"ListItem\",\"position\":2,\"name\":\"Boutique\",\"item\":\"https:\/\/tipennont.com\/?page_id=20\"},{\"@type\":\"ListItem\",\"position\":3,\"name\":\"Coffret &#8211; 10 CBD Vari\u00e9t\u00e9 GELATO\"}]},{\"@type\":\"WebSite\",\"@id\":\"https:\/\/tipennont.com\/#website\",\"url\":\"https:\/\/tipennont.com\/\",\"name\":\"Tipennont\",\"description\":\"\",\"publisher\":{\"@id\":\"https:\/\/tipennont.com\/#organization\"},\"potentialAction\":[{\"@type\":\"SearchAction\",\"target\":{\"@type\":\"EntryPoint\",\"urlTemplate\":\"https:\/\/tipennont.com\/?s={search_term_string}\"},\"query-input\":{\"@type\":\"PropertyValueSpecification\",\"valueRequired\":true,\"valueName\":\"search_term_string\"}}],\"inLanguage\":\"fr-FR\"},{\"@type\":\"Organization\",\"@id\":\"https:\/\/tipennont.com\/#organization\",\"name\":\"Tipennont\",\"url\":\"https:\/\/tipennont.com\/\",\"logo\":{\"@type\":\"ImageObject\",\"inLanguage\":\"fr-FR\",\"@id\":\"https:\/\/tipennont.com\/#\/schema\/logo\/image\/\",\"url\":\"https:\/\/tipennont.com\/wp-content\/uploads\/2025\/01\/logo_petit01sansfond-1.png\",\"contentUrl\":\"https:\/\/tipennont.com\/wp-content\/uploads\/2025\/01\/logo_petit01sansfond-1.png\",\"width\":897,\"height\":830,\"caption\":\"Tipennont\"},\"image\":{\"@id\":\"https:\/\/tipennont.com\/#\/schema\/logo\/image\/\"}}]}<\/script>\n<!-- \/ Yoast SEO plugin. -->","yoast_head_json":{"title":"Coffret - 10 CBD Vari\u00e9t\u00e9 GELATO - Tipennont","description":"D\u00e9couvrez l\u2019Excellence Artisanale de Ti Pennont : Plongez dans un univers de saveurs authentiques avec notre liqueur de Rhum.","robots":{"index":"index","follow":"follow","max-snippet":"max-snippet:-1","max-image-preview":"max-image-preview:large","max-video-preview":"max-video-preview:-1"},"canonical":"https:\/\/tipennont.com\/index.php\/produit\/coffret-10-gelato\/","og_locale":"fr_FR","og_type":"article","og_title":"Coffret - 10 CBD Vari\u00e9t\u00e9 GELATO - Tipennont","og_description":"D\u00e9couvrez l\u2019Excellence Artisanale de Ti Pennont : Plongez dans un univers de saveurs authentiques avec notre liqueur de Rhum.","og_url":"https:\/\/tipennont.com\/index.php\/produit\/coffret-10-gelato\/","og_site_name":"Tipennont","article_modified_time":"2026-04-02T15:48:45+00:00","twitter_card":"summary_large_image","twitter_misc":{"Dur\u00e9e de lecture estim\u00e9e":"1 minute"},"schema":{"@context":"https:\/\/schema.org","@graph":[{"@type":"WebPage","@id":"https:\/\/tipennont.com\/index.php\/produit\/coffret-10-gelato\/","url":"https:\/\/tipennont.com\/index.php\/produit\/coffret-10-gelato\/","name":"Coffret - 10 CBD Vari\u00e9t\u00e9 GELATO - Tipennont","isPartOf":{"@id":"https:\/\/tipennont.com\/#website"},"primaryImageOfPage":{"@id":"https:\/\/tipennont.com\/index.php\/produit\/coffret-10-gelato\/#primaryimage"},"image":{"@id":"https:\/\/tipennont.com\/index.php\/produit\/coffret-10-gelato\/#primaryimage"},"thumbnailUrl":"https:\/\/tipennont.com\/wp-content\/uploads\/2026\/02\/IMG_6328-3.heic","datePublished":"2026-02-21T13:01:12+00:00","dateModified":"2026-04-02T15:48:45+00:00","description":"D\u00e9couvrez l\u2019Excellence Artisanale de Ti Pennont : Plongez dans un univers de saveurs authentiques avec notre liqueur de Rhum.","breadcrumb":{"@id":"https:\/\/tipennont.com\/index.php\/produit\/coffret-10-gelato\/#breadcrumb"},"inLanguage":"fr-FR","potentialAction":[{"@type":"ReadAction","target":["https:\/\/tipennont.com\/index.php\/produit\/coffret-10-gelato\/"]}]},{"@type":"ImageObject","inLanguage":"fr-FR","@id":"https:\/\/tipennont.com\/index.php\/produit\/coffret-10-gelato\/#primaryimage","url":"https:\/\/tipennont.com\/wp-content\/uploads\/2026\/02\/IMG_6328-3.heic","contentUrl":"https:\/\/tipennont.com\/wp-content\/uploads\/2026\/02\/IMG_6328-3.heic"},{"@type":"BreadcrumbList","@id":"https:\/\/tipennont.com\/index.php\/produit\/coffret-10-gelato\/#breadcrumb","itemListElement":[{"@type":"ListItem","position":1,"name":"Accueil","item":"https:\/\/tipennont.com\/"},{"@type":"ListItem","position":2,"name":"Boutique","item":"https:\/\/tipennont.com\/?page_id=20"},{"@type":"ListItem","position":3,"name":"Coffret &#8211; 10 CBD Vari\u00e9t\u00e9 GELATO"}]},{"@type":"WebSite","@id":"https:\/\/tipennont.com\/#website","url":"https:\/\/tipennont.com\/","name":"Tipennont","description":"","publisher":{"@id":"https:\/\/tipennont.com\/#organization"},"potentialAction":[{"@type":"SearchAction","target":{"@type":"EntryPoint","urlTemplate":"https:\/\/tipennont.com\/?s={search_term_string}"},"query-input":{"@type":"PropertyValueSpecification","valueRequired":true,"valueName":"search_term_string"}}],"inLanguage":"fr-FR"},{"@type":"Organization","@id":"https:\/\/tipennont.com\/#organization","name":"Tipennont","url":"https:\/\/tipennont.com\/","logo":{"@type":"ImageObject","inLanguage":"fr-FR","@id":"https:\/\/tipennont.com\/#\/schema\/logo\/image\/","url":"https:\/\/tipennont.com\/wp-content\/uploads\/2025\/01\/logo_petit01sansfond-1.png","contentUrl":"https:\/\/tipennont.com\/wp-content\/uploads\/2025\/01\/logo_petit01sansfond-1.png","width":897,"height":830,"caption":"Tipennont"},"image":{"@id":"https:\/\/tipennont.com\/#\/schema\/logo\/image\/"}}]}},"jetpack_sharing_enabled":true,"_links":{"self":[{"href":"https:\/\/tipennont.com\/index.php\/wp-json\/wp\/v2\/product\/1047","targetHints":{"allow":["GET"]}}],"collection":[{"href":"https:\/\/tipennont.com\/index.php\/wp-json\/wp\/v2\/product"}],"about":[{"href":"https:\/\/tipennont.com\/index.php\/wp-json\/wp\/v2\/types\/product"}],"wp:featuredmedia":[{"embeddable":true,"href":"https:\/\/tipennont.com\/index.php\/wp-json\/wp\/v2\/media\/1053"}],"wp:attachment":[{"href":"https:\/\/tipennont.com\/index.php\/wp-json\/wp\/v2\/media?parent=1047"}],"wp:term":[{"taxonomy":"product_brand","embeddable":true,"href":"https:\/\/tipennont.com\/index.php\/wp-json\/wp\/v2\/product_brand?post=1047"},{"taxonomy":"product_cat","embeddable":true,"href":"https:\/\/tipennont.com\/index.php\/wp-json\/wp\/v2\/product_cat?post=1047"},{"taxonomy":"product_tag","embeddable":true,"href":"https:\/\/tipennont.com\/index.php\/wp-json\/wp\/v2\/product_tag?post=1047"}],"curies":[{"name":"wp","href":"https:\/\/api.w.org\/{rel}","templated":true}]}}