{"id":251,"date":"2025-01-19T10:53:54","date_gmt":"2025-01-19T09:53:54","guid":{"rendered":"https:\/\/tipennont.com\/?post_type=product&#038;p=251"},"modified":"2026-03-02T11:42:11","modified_gmt":"2026-03-02T10:42:11","slug":"rhum-extra-the-fumee-sarrasin","status":"publish","type":"product","link":"https:\/\/tipennont.com\/index.php\/produit\/rhum-extra-the-fumee-sarrasin\/","title":{"rendered":"Rhum Extra &#8211; Th\u00e9 fum\u00e9 sarrasin"},"content":{"rendered":"<p><strong>D\u00e9couvrez l\u2019Excellence Artisanale de Ti Pennont :<\/strong><\/p>\n<p>Cette liqueur artisanale marie l\u2019intensit\u00e9 bois\u00e9e et l\u00e9g\u00e8rement fum\u00e9e d\u2019un th\u00e9 noir avec la douceur grill\u00e9e du sarrasin, le tout rehauss\u00e9 par un rhum de grande qualit\u00e9. Une exp\u00e9rience sensorielle unique, \u00e0 d\u00e9guster pure ou en cocktail.<\/p>\n","protected":false},"excerpt":{"rendered":"<ul>\n<li>Th\u00e9 fum\u00e9e sarrasin<\/li>\n<\/ul>\n","protected":false},"featured_media":535,"template":"","meta":[],"product_brand":[],"product_cat":[23,25],"product_tag":[],"class_list":{"0":"post-251","1":"product","2":"type-product","3":"status-publish","4":"has-post-thumbnail","6":"product_cat-tous-nos-produits","7":"product_cat-extras","9":"first","10":"instock","11":"shipping-taxable","12":"purchasable","13":"product-type-simple"},"yoast_head":"<!-- This site is optimized with the Yoast SEO plugin v27.1.1 - https:\/\/yoast.com\/product\/yoast-seo-wordpress\/ -->\n<title>Rhum Extra - Th\u00e9 fum\u00e9 sarrasin - Tipennont<\/title>\n<meta name=\"description\" content=\"D\u00e9couvrez l\u2019Excellence Artisanale de Ti Pennont : Plongez dans un univers de saveurs authentiques avec notre liqueur de Rhum.\" \/>\n<meta name=\"robots\" content=\"index, follow, max-snippet:-1, max-image-preview:large, max-video-preview:-1\" \/>\n<link rel=\"canonical\" href=\"https:\/\/tipennont.com\/index.php\/produit\/rhum-extra-the-fumee-sarrasin\/\" \/>\n<meta property=\"og:locale\" content=\"fr_FR\" \/>\n<meta property=\"og:type\" content=\"article\" \/>\n<meta property=\"og:title\" content=\"Rhum Extra - Th\u00e9 fum\u00e9 sarrasin - Tipennont\" \/>\n<meta property=\"og:description\" content=\"D\u00e9couvrez l\u2019Excellence Artisanale de Ti Pennont : Plongez dans un univers de saveurs authentiques avec notre liqueur de Rhum.\" \/>\n<meta property=\"og:url\" content=\"https:\/\/tipennont.com\/index.php\/produit\/rhum-extra-the-fumee-sarrasin\/\" \/>\n<meta property=\"og:site_name\" content=\"Tipennont\" \/>\n<meta property=\"article:modified_time\" content=\"2026-03-02T10:42:11+00:00\" \/>\n<meta property=\"og:image\" content=\"https:\/\/tipennont.com\/wp-content\/uploads\/2025\/02\/IMG_9652-scaled.jpeg\" \/>\n\t<meta property=\"og:image:width\" content=\"1920\" \/>\n\t<meta property=\"og:image:height\" content=\"2560\" \/>\n\t<meta property=\"og:image:type\" content=\"image\/jpeg\" \/>\n<meta name=\"twitter:card\" content=\"summary_large_image\" \/>\n<meta name=\"twitter:label1\" content=\"Dur\u00e9e de lecture estim\u00e9e\" \/>\n\t<meta name=\"twitter:data1\" content=\"1 minute\" \/>\n<script type=\"application\/ld+json\" class=\"yoast-schema-graph\">{\"@context\":\"https:\/\/schema.org\",\"@graph\":[{\"@type\":\"WebPage\",\"@id\":\"https:\/\/tipennont.com\/index.php\/produit\/rhum-extra-the-fumee-sarrasin\/\",\"url\":\"https:\/\/tipennont.com\/index.php\/produit\/rhum-extra-the-fumee-sarrasin\/\",\"name\":\"Rhum Extra - Th\u00e9 fum\u00e9 sarrasin - Tipennont\",\"isPartOf\":{\"@id\":\"https:\/\/tipennont.com\/#website\"},\"primaryImageOfPage\":{\"@id\":\"https:\/\/tipennont.com\/index.php\/produit\/rhum-extra-the-fumee-sarrasin\/#primaryimage\"},\"image\":{\"@id\":\"https:\/\/tipennont.com\/index.php\/produit\/rhum-extra-the-fumee-sarrasin\/#primaryimage\"},\"thumbnailUrl\":\"https:\/\/tipennont.com\/wp-content\/uploads\/2025\/02\/IMG_9652-scaled.jpeg\",\"datePublished\":\"2025-01-19T09:53:54+00:00\",\"dateModified\":\"2026-03-02T10:42:11+00:00\",\"description\":\"D\u00e9couvrez l\u2019Excellence Artisanale de Ti Pennont : Plongez dans un univers de saveurs authentiques avec notre liqueur de Rhum.\",\"breadcrumb\":{\"@id\":\"https:\/\/tipennont.com\/index.php\/produit\/rhum-extra-the-fumee-sarrasin\/#breadcrumb\"},\"inLanguage\":\"fr-FR\",\"potentialAction\":[{\"@type\":\"ReadAction\",\"target\":[\"https:\/\/tipennont.com\/index.php\/produit\/rhum-extra-the-fumee-sarrasin\/\"]}]},{\"@type\":\"ImageObject\",\"inLanguage\":\"fr-FR\",\"@id\":\"https:\/\/tipennont.com\/index.php\/produit\/rhum-extra-the-fumee-sarrasin\/#primaryimage\",\"url\":\"https:\/\/tipennont.com\/wp-content\/uploads\/2025\/02\/IMG_9652-scaled.jpeg\",\"contentUrl\":\"https:\/\/tipennont.com\/wp-content\/uploads\/2025\/02\/IMG_9652-scaled.jpeg\",\"width\":1920,\"height\":2560},{\"@type\":\"BreadcrumbList\",\"@id\":\"https:\/\/tipennont.com\/index.php\/produit\/rhum-extra-the-fumee-sarrasin\/#breadcrumb\",\"itemListElement\":[{\"@type\":\"ListItem\",\"position\":1,\"name\":\"Accueil\",\"item\":\"https:\/\/tipennont.com\/\"},{\"@type\":\"ListItem\",\"position\":2,\"name\":\"Boutique\",\"item\":\"https:\/\/tipennont.com\/?page_id=20\"},{\"@type\":\"ListItem\",\"position\":3,\"name\":\"Rhum Extra &#8211; Th\u00e9 fum\u00e9 sarrasin\"}]},{\"@type\":\"WebSite\",\"@id\":\"https:\/\/tipennont.com\/#website\",\"url\":\"https:\/\/tipennont.com\/\",\"name\":\"Tipennont\",\"description\":\"\",\"publisher\":{\"@id\":\"https:\/\/tipennont.com\/#organization\"},\"potentialAction\":[{\"@type\":\"SearchAction\",\"target\":{\"@type\":\"EntryPoint\",\"urlTemplate\":\"https:\/\/tipennont.com\/?s={search_term_string}\"},\"query-input\":{\"@type\":\"PropertyValueSpecification\",\"valueRequired\":true,\"valueName\":\"search_term_string\"}}],\"inLanguage\":\"fr-FR\"},{\"@type\":\"Organization\",\"@id\":\"https:\/\/tipennont.com\/#organization\",\"name\":\"Tipennont\",\"url\":\"https:\/\/tipennont.com\/\",\"logo\":{\"@type\":\"ImageObject\",\"inLanguage\":\"fr-FR\",\"@id\":\"https:\/\/tipennont.com\/#\/schema\/logo\/image\/\",\"url\":\"https:\/\/tipennont.com\/wp-content\/uploads\/2025\/01\/logo_petit01sansfond-1.png\",\"contentUrl\":\"https:\/\/tipennont.com\/wp-content\/uploads\/2025\/01\/logo_petit01sansfond-1.png\",\"width\":897,\"height\":830,\"caption\":\"Tipennont\"},\"image\":{\"@id\":\"https:\/\/tipennont.com\/#\/schema\/logo\/image\/\"}}]}<\/script>\n<!-- \/ Yoast SEO plugin. -->","yoast_head_json":{"title":"Rhum Extra - Th\u00e9 fum\u00e9 sarrasin - Tipennont","description":"D\u00e9couvrez l\u2019Excellence Artisanale de Ti Pennont : Plongez dans un univers de saveurs authentiques avec notre liqueur de Rhum.","robots":{"index":"index","follow":"follow","max-snippet":"max-snippet:-1","max-image-preview":"max-image-preview:large","max-video-preview":"max-video-preview:-1"},"canonical":"https:\/\/tipennont.com\/index.php\/produit\/rhum-extra-the-fumee-sarrasin\/","og_locale":"fr_FR","og_type":"article","og_title":"Rhum Extra - Th\u00e9 fum\u00e9 sarrasin - Tipennont","og_description":"D\u00e9couvrez l\u2019Excellence Artisanale de Ti Pennont : Plongez dans un univers de saveurs authentiques avec notre liqueur de Rhum.","og_url":"https:\/\/tipennont.com\/index.php\/produit\/rhum-extra-the-fumee-sarrasin\/","og_site_name":"Tipennont","article_modified_time":"2026-03-02T10:42:11+00:00","og_image":[{"width":1920,"height":2560,"url":"https:\/\/tipennont.com\/wp-content\/uploads\/2025\/02\/IMG_9652-scaled.jpeg","type":"image\/jpeg"}],"twitter_card":"summary_large_image","twitter_misc":{"Dur\u00e9e de lecture estim\u00e9e":"1 minute"},"schema":{"@context":"https:\/\/schema.org","@graph":[{"@type":"WebPage","@id":"https:\/\/tipennont.com\/index.php\/produit\/rhum-extra-the-fumee-sarrasin\/","url":"https:\/\/tipennont.com\/index.php\/produit\/rhum-extra-the-fumee-sarrasin\/","name":"Rhum Extra - Th\u00e9 fum\u00e9 sarrasin - Tipennont","isPartOf":{"@id":"https:\/\/tipennont.com\/#website"},"primaryImageOfPage":{"@id":"https:\/\/tipennont.com\/index.php\/produit\/rhum-extra-the-fumee-sarrasin\/#primaryimage"},"image":{"@id":"https:\/\/tipennont.com\/index.php\/produit\/rhum-extra-the-fumee-sarrasin\/#primaryimage"},"thumbnailUrl":"https:\/\/tipennont.com\/wp-content\/uploads\/2025\/02\/IMG_9652-scaled.jpeg","datePublished":"2025-01-19T09:53:54+00:00","dateModified":"2026-03-02T10:42:11+00:00","description":"D\u00e9couvrez l\u2019Excellence Artisanale de Ti Pennont : Plongez dans un univers de saveurs authentiques avec notre liqueur de Rhum.","breadcrumb":{"@id":"https:\/\/tipennont.com\/index.php\/produit\/rhum-extra-the-fumee-sarrasin\/#breadcrumb"},"inLanguage":"fr-FR","potentialAction":[{"@type":"ReadAction","target":["https:\/\/tipennont.com\/index.php\/produit\/rhum-extra-the-fumee-sarrasin\/"]}]},{"@type":"ImageObject","inLanguage":"fr-FR","@id":"https:\/\/tipennont.com\/index.php\/produit\/rhum-extra-the-fumee-sarrasin\/#primaryimage","url":"https:\/\/tipennont.com\/wp-content\/uploads\/2025\/02\/IMG_9652-scaled.jpeg","contentUrl":"https:\/\/tipennont.com\/wp-content\/uploads\/2025\/02\/IMG_9652-scaled.jpeg","width":1920,"height":2560},{"@type":"BreadcrumbList","@id":"https:\/\/tipennont.com\/index.php\/produit\/rhum-extra-the-fumee-sarrasin\/#breadcrumb","itemListElement":[{"@type":"ListItem","position":1,"name":"Accueil","item":"https:\/\/tipennont.com\/"},{"@type":"ListItem","position":2,"name":"Boutique","item":"https:\/\/tipennont.com\/?page_id=20"},{"@type":"ListItem","position":3,"name":"Rhum Extra &#8211; Th\u00e9 fum\u00e9 sarrasin"}]},{"@type":"WebSite","@id":"https:\/\/tipennont.com\/#website","url":"https:\/\/tipennont.com\/","name":"Tipennont","description":"","publisher":{"@id":"https:\/\/tipennont.com\/#organization"},"potentialAction":[{"@type":"SearchAction","target":{"@type":"EntryPoint","urlTemplate":"https:\/\/tipennont.com\/?s={search_term_string}"},"query-input":{"@type":"PropertyValueSpecification","valueRequired":true,"valueName":"search_term_string"}}],"inLanguage":"fr-FR"},{"@type":"Organization","@id":"https:\/\/tipennont.com\/#organization","name":"Tipennont","url":"https:\/\/tipennont.com\/","logo":{"@type":"ImageObject","inLanguage":"fr-FR","@id":"https:\/\/tipennont.com\/#\/schema\/logo\/image\/","url":"https:\/\/tipennont.com\/wp-content\/uploads\/2025\/01\/logo_petit01sansfond-1.png","contentUrl":"https:\/\/tipennont.com\/wp-content\/uploads\/2025\/01\/logo_petit01sansfond-1.png","width":897,"height":830,"caption":"Tipennont"},"image":{"@id":"https:\/\/tipennont.com\/#\/schema\/logo\/image\/"}}]}},"jetpack_sharing_enabled":true,"_links":{"self":[{"href":"https:\/\/tipennont.com\/index.php\/wp-json\/wp\/v2\/product\/251","targetHints":{"allow":["GET"]}}],"collection":[{"href":"https:\/\/tipennont.com\/index.php\/wp-json\/wp\/v2\/product"}],"about":[{"href":"https:\/\/tipennont.com\/index.php\/wp-json\/wp\/v2\/types\/product"}],"wp:featuredmedia":[{"embeddable":true,"href":"https:\/\/tipennont.com\/index.php\/wp-json\/wp\/v2\/media\/535"}],"wp:attachment":[{"href":"https:\/\/tipennont.com\/index.php\/wp-json\/wp\/v2\/media?parent=251"}],"wp:term":[{"taxonomy":"product_brand","embeddable":true,"href":"https:\/\/tipennont.com\/index.php\/wp-json\/wp\/v2\/product_brand?post=251"},{"taxonomy":"product_cat","embeddable":true,"href":"https:\/\/tipennont.com\/index.php\/wp-json\/wp\/v2\/product_cat?post=251"},{"taxonomy":"product_tag","embeddable":true,"href":"https:\/\/tipennont.com\/index.php\/wp-json\/wp\/v2\/product_tag?post=251"}],"curies":[{"name":"wp","href":"https:\/\/api.w.org\/{rel}","templated":true}]}}